{"id":560,"date":"2020-07-24T13:28:41","date_gmt":"2020-07-24T10:28:41","guid":{"rendered":"http:\/\/localhost\/deneme\/?page_id=560"},"modified":"2020-09-05T18:45:31","modified_gmt":"2020-09-05T15:45:31","slug":"danismanlik-hizmetleri","status":"publish","type":"page","link":"https:\/\/www.bestepeenerji.com\/en\/hizmetlerimiz\/danismanlik-hizmetleri\/","title":{"rendered":"Consultancy services"},"content":{"rendered":"<div data-elementor-type=\"wp-page\" data-elementor-id=\"560\" class=\"elementor elementor-560\">\n\t\t\t\t\t\t<div class=\"elementor-inner\">\n\t\t\t\t<div class=\"elementor-section-wrap\">\n\t\t\t\t\t\t\t\t\t<section class=\"elementor-section elementor-top-section elementor-element elementor-element-39dabc18 elementor-section-content-middle elementor-section-boxed elementor-section-height-default elementor-section-height-default\" data-id=\"39dabc18\" data-element_type=\"section\" data-settings=\"{&quot;background_background&quot;:&quot;classic&quot;}\">\n\t\t\t\t\t\t\t<div class=\"elementor-background-overlay\"><\/div>\n\t\t\t\t\t\t\t<div class=\"elementor-container elementor-column-gap-no\">\n\t\t\t\t\t\t\t<div class=\"elementor-row\">\n\t\t\t\t\t<div class=\"elementor-column elementor-col-100 elementor-top-column elementor-element elementor-element-f60585f\" data-id=\"f60585f\" data-element_type=\"column\">\n\t\t\t<div class=\"elementor-column-wrap elementor-element-populated\">\n\t\t\t\t\t\t\t<div class=\"elementor-widget-wrap\">\n\t\t\t\t\t\t<div class=\"elementor-element elementor-element-438af913 elementor-invisible elementor-widget elementor-widget-heading\" data-id=\"438af913\" data-element_type=\"widget\" data-settings=\"{&quot;_animation&quot;:&quot;fadeInUp&quot;}\" data-widget_type=\"heading.default\">\n\t\t\t\t<div class=\"elementor-widget-container\">\n\t\t\t<h1 class=\"elementor-heading-title elementor-size-default\">Consultancy Services<\/h1>\t\t<\/div>\n\t\t\t\t<\/div>\n\t\t\t\t\t\t<\/div>\n\t\t\t\t\t<\/div>\n\t\t<\/div>\n\t\t\t\t\t\t\t\t<\/div>\n\t\t\t\t\t<\/div>\n\t\t<\/section>\n\t\t\t\t<section class=\"elementor-section elementor-top-section elementor-element elementor-element-4023c1ce elementor-section-height-min-height elementor-section-content-middle elementor-section-boxed elementor-section-height-default elementor-section-items-middle\" data-id=\"4023c1ce\" data-element_type=\"section\">\n\t\t\t\t\t\t<div class=\"elementor-container elementor-column-gap-wide\">\n\t\t\t\t\t\t\t<div class=\"elementor-row\">\n\t\t\t\t\t<div class=\"elementor-column elementor-col-100 elementor-top-column elementor-element elementor-element-5742e2c0\" data-id=\"5742e2c0\" data-element_type=\"column\" id=\"teknik\">\n\t\t\t<div class=\"elementor-column-wrap elementor-element-populated\">\n\t\t\t\t\t\t\t<div class=\"elementor-widget-wrap\">\n\t\t\t\t\t\t<div class=\"elementor-element elementor-element-e9a02d3 elementor-widget elementor-widget-heading\" data-id=\"e9a02d3\" data-element_type=\"widget\" data-widget_type=\"heading.default\">\n\t\t\t\t<div class=\"elementor-widget-container\">\n\t\t\t<h3 class=\"elementor-heading-title elementor-size-default\">Technical Consultancy<\/h3>\t\t<\/div>\n\t\t\t\t<\/div>\n\t\t\t\t<div class=\"elementor-element elementor-element-392dd3e2 elementor-widget elementor-widget-text-editor\" data-id=\"392dd3e2\" data-element_type=\"widget\" data-widget_type=\"text-editor.default\">\n\t\t\t\t<div class=\"elementor-widget-container\">\n\t\t\t\t\t\t\t\t<div class=\"elementor-text-editor elementor-clearfix\">\n\t\t\t\t<p align=\"justify\">Our consultancy services for solar energy, wind energy and all electricity generation projects;<\/p><ul><li><p align=\"justify\">Power Plants Project Development Activities<\/p><\/li><li><p align=\"justify\">Preparation of Pre-Feasibility and Feasibility Report (Providing Technical and Financial Analysis)<\/p><\/li><li><p align=\"justify\">Examining the Analysis of the Project to Connect to the Grid (Distance to the Energy Transmission Line etc.)<\/p><\/li><li><p align=\"justify\">Consultancy on Technology and Equipment Selection<\/p><\/li><li><p align=\"justify\">Management of Permission and Follow-up Process of Licensed or Unlicensed Power Generation Plants<\/p><\/li><li><p align=\"justify\">Financing Consultancy<\/p><\/li><li><p align=\"justify\">Checking the Appropriateness of the Approved Design Projects in the Field,<\/p><\/li><li><p align=\"justify\">Technical Consultancy Services in the Commissioning Process of the Power Plant<\/p><\/li><li><p align=\"justify\">Training Services Related to Power Plants<\/p><\/li><li><p align=\"justify\">ISO 27001 Information Security-Management System Consultancy<\/p><\/li><li><p align=\"justify\">Electricity Generation and Distribution Systems SCADA System Security Consultancy \/ Penetration Test<\/p><\/li><\/ul>\t\t\t\t\t<\/div>\n\t\t\t\t\t\t<\/div>\n\t\t\t\t<\/div>\n\t\t\t\t<div class=\"elementor-element elementor-element-5cbfdd90 elementor-widget elementor-widget-heading\" data-id=\"5cbfdd90\" data-element_type=\"widget\" id=\"proje\" data-widget_type=\"heading.default\">\n\t\t\t\t<div class=\"elementor-widget-container\">\n\t\t\t<h3 class=\"elementor-heading-title elementor-size-default\">Project Consultancy<\/h3>\t\t<\/div>\n\t\t\t\t<\/div>\n\t\t\t\t<div class=\"elementor-element elementor-element-f03ffd6 elementor-widget elementor-widget-text-editor\" data-id=\"f03ffd6\" data-element_type=\"widget\" data-widget_type=\"text-editor.default\">\n\t\t\t\t<div class=\"elementor-widget-container\">\n\t\t\t\t\t\t\t\t<div class=\"elementor-text-editor elementor-clearfix\">\n\t\t\t\t<p align=\"justify\">Be\u015ftepe Energy provides consultancy services to companies, associations, foundations, institutions and organizations on Research &amp; Development Grants, Development Agencies Supports, KOSGEB Supports, Agriculture and Rural Development Supports, TUBITAK Supports, project and grant supports. In this context;<\/p><ul><li><p align=\"justify\"><u>Fon aray\u0131\u015f\u0131 i\u00e7erisinde olan yat\u0131r\u0131mc\u0131 i\u00e7in:<\/u> The sector in which the company operates, the city of residence, the city where the investment is desired to be made and the scope of the planned investment (machinery-equipment purchase, construction, promotional activities, management systems consultancy, etc.) are evaluated together, and it is investigated whether the company can apply for grant support and whether there is a suitable program for the investment. . In case of a suitable open program, the project file is prepared using the information received from the company and the company is supported during the delivery process to the relevant grant institution.<\/p><\/li><li><p align=\"justify\"><u>For investors who want to benefit from VAT exemption for their investment:<\/u> Businesses wishing to benefit from state incentives are required to obtain an incentive certificate from the Undersecretariat of Treasury for VAT exemption. Be\u015ftepe Energy provides services to all businesses wishing to obtain incentive certificate.<\/p><\/li><li><p align=\"justify\"><u>For investors who want to get management systems consultancy:<\/u> Businesses ISO 9001, OHSAS 18001, ISO 14001, ISO 22000 etc. They can apply to Be\u015ftepe Energy for all their management system needs. Our company's expert staff provides consultancy services in the establishment and development of the management systems of the enterprises.<\/p><\/li><\/ul>\t\t\t\t\t<\/div>\n\t\t\t\t\t\t<\/div>\n\t\t\t\t<\/div>\n\t\t\t\t\t\t<\/div>\n\t\t\t\t\t<\/div>\n\t\t<\/div>\n\t\t\t\t\t\t\t\t<\/div>\n\t\t\t\t\t<\/div>\n\t\t<\/section>\n\t\t\t\t<section class=\"elementor-section elementor-top-section elementor-element elementor-element-5fe94c35 elementor-section-boxed elementor-section-height-default elementor-section-height-default\" data-id=\"5fe94c35\" data-element_type=\"section\" data-settings=\"{&quot;background_background&quot;:&quot;classic&quot;}\">\n\t\t\t\t\t\t<div class=\"elementor-container elementor-column-gap-default\">\n\t\t\t\t\t\t\t<div class=\"elementor-row\">\n\t\t\t\t\t<div class=\"elementor-column elementor-col-25 elementor-top-column elementor-element elementor-element-298df1f6\" data-id=\"298df1f6\" data-element_type=\"column\">\n\t\t\t<div class=\"elementor-column-wrap\">\n\t\t\t\t\t\t\t<div class=\"elementor-widget-wrap\">\n\t\t\t\t\t\t\t\t<\/div>\n\t\t\t\t\t<\/div>\n\t\t<\/div>\n\t\t\t\t<div class=\"elementor-column elementor-col-25 elementor-top-column elementor-element elementor-element-bb58d87\" data-id=\"bb58d87\" data-element_type=\"column\">\n\t\t\t<div class=\"elementor-column-wrap elementor-element-populated\">\n\t\t\t\t\t\t\t<div class=\"elementor-widget-wrap\">\n\t\t\t\t\t\t<div class=\"elementor-element elementor-element-740905c3 elementor-widget elementor-widget-heading\" data-id=\"740905c3\" data-element_type=\"widget\" data-widget_type=\"heading.default\">\n\t\t\t\t<div class=\"elementor-widget-container\">\n\t\t\t<h4 class=\"elementor-heading-title elementor-size-default\">Contact for detailed information and our special services.<\/h4>\t\t<\/div>\n\t\t\t\t<\/div>\n\t\t\t\t\t\t<\/div>\n\t\t\t\t\t<\/div>\n\t\t<\/div>\n\t\t\t\t<div class=\"elementor-column elementor-col-25 elementor-top-column elementor-element elementor-element-3178c24a\" data-id=\"3178c24a\" data-element_type=\"column\">\n\t\t\t<div class=\"elementor-column-wrap elementor-element-populated\">\n\t\t\t\t\t\t\t<div class=\"elementor-widget-wrap\">\n\t\t\t\t\t\t<div class=\"elementor-element elementor-element-6ba54c1c elementor-align-center elementor-widget elementor-widget-button\" data-id=\"6ba54c1c\" data-element_type=\"widget\" data-widget_type=\"button.default\">\n\t\t\t\t<div class=\"elementor-widget-container\">\n\t\t\t\t\t<div class=\"elementor-button-wrapper\">\n\t\t\t<a href=\"https:\/\/www.bestepeenerji.com\/en\/iletisim\/\" class=\"elementor-button-link elementor-button elementor-size-sm\" role=\"button\">\n\t\t\t\t\t\t<span class=\"elementor-button-content-wrapper\">\n\t\t\t\t\t\t<span class=\"elementor-button-text\">Contact<\/span>\n\t\t<\/span>\n\t\t\t\t\t<\/a>\n\t\t<\/div>\n\t\t\t\t<\/div>\n\t\t\t\t<\/div>\n\t\t\t\t\t\t<\/div>\n\t\t\t\t\t<\/div>\n\t\t<\/div>\n\t\t\t\t<div class=\"elementor-column elementor-col-25 elementor-top-column elementor-element elementor-element-6946f4b8\" data-id=\"6946f4b8\" data-element_type=\"column\">\n\t\t\t<div class=\"elementor-column-wrap\">\n\t\t\t\t\t\t\t<div class=\"elementor-widget-wrap\">\n\t\t\t\t\t\t\t\t<\/div>\n\t\t\t\t\t<\/div>\n\t\t<\/div>\n\t\t\t\t\t\t\t\t<\/div>\n\t\t\t\t\t<\/div>\n\t\t<\/section>\n\t\t\t\t\t\t\t\t\t<\/div>\n\t\t\t<\/div>\n\t\t\t\t\t<\/div>","protected":false},"excerpt":{"rendered":"<p>Dan\u0131\u015fmanl\u0131k Hizmetlerimiz Teknik Dan\u0131\u015fmanl\u0131k G\u00fcne\u015f enerjisi, r\u00fczg\u00e2r enerjisi ve t\u00fcm elektrik \u00fcretimi projeleri i\u00e7in vermi\u015f oldu\u011fumuz dan\u0131\u015fmanl\u0131k hizmetlerimiz; Enerji Santralleri Proje Geli\u015ftirme Faaliyetleri \u00d6n Fizibilite Ve Fizibilite Raporunun Haz\u0131rlanmas\u0131 (Teknik Ve Finansal Analizlerin Yap\u0131lmas\u0131) Projenin \u015eebekeye Ba\u011flanabilme Analizlerinin \u0130ncelenmesi ( Enerji \u0130letim Hatt\u0131na Olan Uzakl\u0131\u011f\u0131 Vb.) Teknoloji Ve Ekipman Se\u00e7imi Konusunda Dan\u0131\u015fmanl\u0131k Lisans\/Lisanss\u0131z Enerji \u00dcretim &hellip;<\/p>\n<p class=\"read-more\"> <a class=\"\" href=\"https:\/\/www.bestepeenerji.com\/en\/hizmetlerimiz\/danismanlik-hizmetleri\/\"> <span class=\"screen-reader-text\">Consultancy services<\/span> Read More &raquo;<\/a><\/p>","protected":false},"author":1,"featured_media":0,"parent":444,"menu_order":0,"comment_status":"closed","ping_status":"closed","template":"","meta":{"site-sidebar-layout":"no-sidebar","site-content-layout":"page-builder","ast-main-header-display":"","ast-hfb-above-header-display":"","ast-hfb-below-header-display":"","ast-hfb-mobile-header-display":"","site-post-title":"disabled","ast-breadcrumbs-content":"","ast-featured-img":"disabled","footer-sml-layout":"","theme-transparent-header-meta":"enabled","adv-header-id-meta":"","stick-header-meta":"","header-above-stick-meta":"","header-main-stick-meta":"","header-below-stick-meta":"","footnotes":""},"class_list":["post-560","page","type-page","status-publish","hentry"],"_links":{"self":[{"href":"https:\/\/www.bestepeenerji.com\/en\/wp-json\/wp\/v2\/pages\/560","targetHints":{"allow":["GET"]}}],"collection":[{"href":"https:\/\/www.bestepeenerji.com\/en\/wp-json\/wp\/v2\/pages"}],"about":[{"href":"https:\/\/www.bestepeenerji.com\/en\/wp-json\/wp\/v2\/types\/page"}],"author":[{"embeddable":true,"href":"https:\/\/www.bestepeenerji.com\/en\/wp-json\/wp\/v2\/users\/1"}],"replies":[{"embeddable":true,"href":"https:\/\/www.bestepeenerji.com\/en\/wp-json\/wp\/v2\/comments?post=560"}],"version-history":[{"count":9,"href":"https:\/\/www.bestepeenerji.com\/en\/wp-json\/wp\/v2\/pages\/560\/revisions"}],"predecessor-version":[{"id":865,"href":"https:\/\/www.bestepeenerji.com\/en\/wp-json\/wp\/v2\/pages\/560\/revisions\/865"}],"up":[{"embeddable":true,"href":"https:\/\/www.bestepeenerji.com\/en\/wp-json\/wp\/v2\/pages\/444"}],"wp:attachment":[{"href":"https:\/\/www.bestepeenerji.com\/en\/wp-json\/wp\/v2\/media?parent=560"}],"curies":[{"name":"wp","href":"https:\/\/api.w.org\/{rel}","templated":true}]}}