{"id":550,"date":"2020-07-24T13:15:48","date_gmt":"2020-07-24T10:15:48","guid":{"rendered":"http:\/\/localhost\/deneme\/?page_id=550"},"modified":"2020-09-05T18:46:52","modified_gmt":"2020-09-05T15:46:52","slug":"termik-ve-kombine-cevrim-santralleri","status":"publish","type":"page","link":"https:\/\/www.bestepeenerji.com\/en\/hizmetlerimiz\/termik-ve-kombine-cevrim-santralleri\/","title":{"rendered":"Thermal and Combined Cycle Power Plants"},"content":{"rendered":"<div data-elementor-type=\"wp-page\" data-elementor-id=\"550\" class=\"elementor elementor-550\">\n\t\t\t\t\t\t<div class=\"elementor-inner\">\n\t\t\t\t<div class=\"elementor-section-wrap\">\n\t\t\t\t\t\t\t\t\t<section class=\"elementor-section elementor-top-section elementor-element elementor-element-39dabc18 elementor-section-content-middle elementor-section-boxed elementor-section-height-default elementor-section-height-default\" data-id=\"39dabc18\" data-element_type=\"section\" data-settings=\"{&quot;background_background&quot;:&quot;classic&quot;}\">\n\t\t\t\t\t\t\t<div class=\"elementor-background-overlay\"><\/div>\n\t\t\t\t\t\t\t<div class=\"elementor-container elementor-column-gap-no\">\n\t\t\t\t\t\t\t<div class=\"elementor-row\">\n\t\t\t\t\t<div class=\"elementor-column elementor-col-100 elementor-top-column elementor-element elementor-element-f60585f\" data-id=\"f60585f\" data-element_type=\"column\">\n\t\t\t<div class=\"elementor-column-wrap elementor-element-populated\">\n\t\t\t\t\t\t\t<div class=\"elementor-widget-wrap\">\n\t\t\t\t\t\t<div class=\"elementor-element elementor-element-438af913 elementor-invisible elementor-widget elementor-widget-heading\" data-id=\"438af913\" data-element_type=\"widget\" data-settings=\"{&quot;_animation&quot;:&quot;fadeInUp&quot;}\" data-widget_type=\"heading.default\">\n\t\t\t\t<div class=\"elementor-widget-container\">\n\t\t\t<h1 class=\"elementor-heading-title elementor-size-default\">Thermal and Combined Cycle Power Plants<\/h1>\t\t<\/div>\n\t\t\t\t<\/div>\n\t\t\t\t\t\t<\/div>\n\t\t\t\t\t<\/div>\n\t\t<\/div>\n\t\t\t\t\t\t\t\t<\/div>\n\t\t\t\t\t<\/div>\n\t\t<\/section>\n\t\t\t\t<section class=\"elementor-section elementor-top-section elementor-element elementor-element-4775ee88 elementor-section-height-min-height elementor-section-content-middle elementor-section-boxed elementor-section-height-default elementor-section-items-middle\" data-id=\"4775ee88\" data-element_type=\"section\">\n\t\t\t\t\t\t<div class=\"elementor-container elementor-column-gap-wide\">\n\t\t\t\t\t\t\t<div class=\"elementor-row\">\n\t\t\t\t\t<div class=\"elementor-column elementor-col-100 elementor-top-column elementor-element elementor-element-1b2ba1b1\" data-id=\"1b2ba1b1\" data-element_type=\"column\">\n\t\t\t<div class=\"elementor-column-wrap elementor-element-populated\">\n\t\t\t\t\t\t\t<div class=\"elementor-widget-wrap\">\n\t\t\t\t\t\t<div class=\"elementor-element elementor-element-261ca0b4 elementor-widget elementor-widget-text-editor\" data-id=\"261ca0b4\" data-element_type=\"widget\" data-widget_type=\"text-editor.default\">\n\t\t\t\t<div class=\"elementor-widget-container\">\n\t\t\t\t\t\t\t\t<div class=\"elementor-text-editor elementor-clearfix\">\n\t\t\t\t<p align=\"justify\">Be\u015ftepe Energy provides the following services regarding thermal power plants and combined cycle power plants:<\/p><ul><li><p align=\"justify\">Preparation of Feasibility Report According to National and International Standards<\/p><\/li><li><p align=\"justify\">Preparation of Technical and Administrative Specifications<\/p><\/li><li><p align=\"justify\">Offer Evaluation and Contract Negotiations<\/p><\/li><li><p align=\"justify\">Connection Analysis of Electricity Generation Plants to Transmission Network<\/p><\/li><li><p align=\"justify\">Pre-License Field Studies<\/p><\/li><li><p align=\"justify\">Managing Pre-License Processes<\/p><\/li><li><p align=\"justify\">Basic Engineering and Design Services (Drawing of Electrical, Civil and Mechanical Projects)<\/p><\/li><li><p align=\"justify\">Preparation of Project Pre-Approval and Approval Files (Approval by MENR \/ TEDA\u015e)<\/p><\/li><li><p align=\"justify\">Audit and Inspection Services According to National and International Standards<\/p><\/li><li><p align=\"justify\">Technical Consultancy for the Provisional Acceptance Organization of the Power Plant<\/p><\/li><li><p align=\"justify\">Field supervisory and management<\/p><\/li><li><p align=\"justify\">Support and Supervision in Commissioning and Performance Tests<\/p><\/li><li><p align=\"justify\">Support for Power Plant Operation Management<\/p><\/li><li><p align=\"justify\">Consultancy Service During Cold and Hot Tests<\/p><\/li><li><p align=\"justify\">Acceptance Tests for Commissioning, Control and Calculation of Test Results<\/p><\/li><li><p align=\"justify\">All Detailed Engineering Calculations and Technical Specification Preparation<\/p><\/li><li><p align=\"justify\">Occupational Health and Safety, Environmental Management Services<\/p><\/li><\/ul>\t\t\t\t\t<\/div>\n\t\t\t\t\t\t<\/div>\n\t\t\t\t<\/div>\n\t\t\t\t\t\t<\/div>\n\t\t\t\t\t<\/div>\n\t\t<\/div>\n\t\t\t\t\t\t\t\t<\/div>\n\t\t\t\t\t<\/div>\n\t\t<\/section>\n\t\t\t\t<section class=\"elementor-section elementor-top-section elementor-element elementor-element-eca7d74 elementor-section-boxed elementor-section-height-default elementor-section-height-default\" data-id=\"eca7d74\" data-element_type=\"section\" data-settings=\"{&quot;background_background&quot;:&quot;classic&quot;}\">\n\t\t\t\t\t\t<div class=\"elementor-container elementor-column-gap-default\">\n\t\t\t\t\t\t\t<div class=\"elementor-row\">\n\t\t\t\t\t<div class=\"elementor-column elementor-col-25 elementor-top-column elementor-element elementor-element-1367ebd9\" data-id=\"1367ebd9\" data-element_type=\"column\">\n\t\t\t<div class=\"elementor-column-wrap\">\n\t\t\t\t\t\t\t<div class=\"elementor-widget-wrap\">\n\t\t\t\t\t\t\t\t<\/div>\n\t\t\t\t\t<\/div>\n\t\t<\/div>\n\t\t\t\t<div class=\"elementor-column elementor-col-25 elementor-top-column elementor-element elementor-element-321d6bf9\" data-id=\"321d6bf9\" data-element_type=\"column\">\n\t\t\t<div class=\"elementor-column-wrap elementor-element-populated\">\n\t\t\t\t\t\t\t<div class=\"elementor-widget-wrap\">\n\t\t\t\t\t\t<div class=\"elementor-element elementor-element-7074bd5a elementor-widget elementor-widget-heading\" data-id=\"7074bd5a\" data-element_type=\"widget\" data-widget_type=\"heading.default\">\n\t\t\t\t<div class=\"elementor-widget-container\">\n\t\t\t<h4 class=\"elementor-heading-title elementor-size-default\">Contact for detailed information and our special services.<\/h4>\t\t<\/div>\n\t\t\t\t<\/div>\n\t\t\t\t\t\t<\/div>\n\t\t\t\t\t<\/div>\n\t\t<\/div>\n\t\t\t\t<div class=\"elementor-column elementor-col-25 elementor-top-column elementor-element elementor-element-2ee6168d\" data-id=\"2ee6168d\" data-element_type=\"column\">\n\t\t\t<div class=\"elementor-column-wrap elementor-element-populated\">\n\t\t\t\t\t\t\t<div class=\"elementor-widget-wrap\">\n\t\t\t\t\t\t<div class=\"elementor-element elementor-element-782e4acc elementor-align-center elementor-widget elementor-widget-button\" data-id=\"782e4acc\" data-element_type=\"widget\" data-widget_type=\"button.default\">\n\t\t\t\t<div class=\"elementor-widget-container\">\n\t\t\t\t\t<div class=\"elementor-button-wrapper\">\n\t\t\t<a href=\"https:\/\/www.bestepeenerji.com\/en\/iletisim\/\" class=\"elementor-button-link elementor-button elementor-size-sm\" role=\"button\">\n\t\t\t\t\t\t<span class=\"elementor-button-content-wrapper\">\n\t\t\t\t\t\t<span class=\"elementor-button-text\">Contact<\/span>\n\t\t<\/span>\n\t\t\t\t\t<\/a>\n\t\t<\/div>\n\t\t\t\t<\/div>\n\t\t\t\t<\/div>\n\t\t\t\t\t\t<\/div>\n\t\t\t\t\t<\/div>\n\t\t<\/div>\n\t\t\t\t<div class=\"elementor-column elementor-col-25 elementor-top-column elementor-element elementor-element-27c15983\" data-id=\"27c15983\" data-element_type=\"column\">\n\t\t\t<div class=\"elementor-column-wrap\">\n\t\t\t\t\t\t\t<div class=\"elementor-widget-wrap\">\n\t\t\t\t\t\t\t\t<\/div>\n\t\t\t\t\t<\/div>\n\t\t<\/div>\n\t\t\t\t\t\t\t\t<\/div>\n\t\t\t\t\t<\/div>\n\t\t<\/section>\n\t\t\t\t\t\t\t\t\t<\/div>\n\t\t\t<\/div>\n\t\t\t\t\t<\/div>","protected":false},"excerpt":{"rendered":"<p>Termik ve Kombine \u00c7evrim Santralleri Be\u015ftepe Enerji; termik santraller ve kombine \u00e7evrim santralleriyle ilgili olarak a\u015fa\u011f\u0131daki hizmetleri sunmaktad\u0131r: Ulusal ve Uluslararas\u0131 Standartlara G\u00f6re Fizibilite Raporunun Olu\u015fturulmas\u0131 Teknik ve \u0130dari \u015eartname Haz\u0131rlanmas\u0131 Teklif De\u011ferlendirme ve Kontrat G\u00f6r\u00fc\u015fmeleri Elektrik \u00dcretim Santrallerinin \u0130letim \u015eebekesine Ba\u011flant\u0131 Analizleri Lisans \u00d6ncesi Saha \u00c7al\u0131\u015fmalar\u0131n\u0131n Yap\u0131lmas\u0131 Lisans \u00d6ncesi S\u00fcre\u00e7lerin Y\u00f6netilmesi Temel M\u00fchendislik ve &hellip;<\/p>\n<p class=\"read-more\"> <a class=\"\" href=\"https:\/\/www.bestepeenerji.com\/en\/hizmetlerimiz\/termik-ve-kombine-cevrim-santralleri\/\"> <span class=\"screen-reader-text\">Thermal and Combined Cycle Power Plants<\/span> Read More &raquo;<\/a><\/p>","protected":false},"author":1,"featured_media":0,"parent":444,"menu_order":0,"comment_status":"closed","ping_status":"closed","template":"","meta":{"site-sidebar-layout":"no-sidebar","site-content-layout":"page-builder","ast-main-header-display":"","ast-hfb-above-header-display":"","ast-hfb-below-header-display":"","ast-hfb-mobile-header-display":"","site-post-title":"disabled","ast-breadcrumbs-content":"","ast-featured-img":"disabled","footer-sml-layout":"","theme-transparent-header-meta":"enabled","adv-header-id-meta":"","stick-header-meta":"","header-above-stick-meta":"","header-main-stick-meta":"","header-below-stick-meta":"","footnotes":""},"class_list":["post-550","page","type-page","status-publish","hentry"],"_links":{"self":[{"href":"https:\/\/www.bestepeenerji.com\/en\/wp-json\/wp\/v2\/pages\/550","targetHints":{"allow":["GET"]}}],"collection":[{"href":"https:\/\/www.bestepeenerji.com\/en\/wp-json\/wp\/v2\/pages"}],"about":[{"href":"https:\/\/www.bestepeenerji.com\/en\/wp-json\/wp\/v2\/types\/page"}],"author":[{"embeddable":true,"href":"https:\/\/www.bestepeenerji.com\/en\/wp-json\/wp\/v2\/users\/1"}],"replies":[{"embeddable":true,"href":"https:\/\/www.bestepeenerji.com\/en\/wp-json\/wp\/v2\/comments?post=550"}],"version-history":[{"count":4,"href":"https:\/\/www.bestepeenerji.com\/en\/wp-json\/wp\/v2\/pages\/550\/revisions"}],"predecessor-version":[{"id":866,"href":"https:\/\/www.bestepeenerji.com\/en\/wp-json\/wp\/v2\/pages\/550\/revisions\/866"}],"up":[{"embeddable":true,"href":"https:\/\/www.bestepeenerji.com\/en\/wp-json\/wp\/v2\/pages\/444"}],"wp:attachment":[{"href":"https:\/\/www.bestepeenerji.com\/en\/wp-json\/wp\/v2\/media?parent=550"}],"curies":[{"name":"wp","href":"https:\/\/api.w.org\/{rel}","templated":true}]}}