{"id":496,"date":"2020-07-24T10:29:22","date_gmt":"2020-07-24T07:29:22","guid":{"rendered":"http:\/\/localhost\/deneme\/?page_id=496"},"modified":"2020-09-05T18:49:23","modified_gmt":"2020-09-05T15:49:23","slug":"biyogaz-biokutle-santralleri","status":"publish","type":"page","link":"https:\/\/www.bestepeenerji.com\/en\/hizmetlerimiz\/biyogaz-biokutle-santralleri\/","title":{"rendered":"Biogas &amp; Biomass Plants"},"content":{"rendered":"<div data-elementor-type=\"wp-page\" data-elementor-id=\"496\" class=\"elementor elementor-496\">\n\t\t\t\t\t\t<div class=\"elementor-inner\">\n\t\t\t\t<div class=\"elementor-section-wrap\">\n\t\t\t\t\t\t\t\t\t<section class=\"elementor-section elementor-top-section elementor-element elementor-element-39dabc18 elementor-section-content-middle elementor-section-boxed elementor-section-height-default elementor-section-height-default\" data-id=\"39dabc18\" data-element_type=\"section\" data-settings=\"{&quot;background_background&quot;:&quot;classic&quot;}\">\n\t\t\t\t\t\t\t<div class=\"elementor-background-overlay\"><\/div>\n\t\t\t\t\t\t\t<div class=\"elementor-container elementor-column-gap-no\">\n\t\t\t\t\t\t\t<div class=\"elementor-row\">\n\t\t\t\t\t<div class=\"elementor-column elementor-col-100 elementor-top-column elementor-element elementor-element-f60585f\" data-id=\"f60585f\" data-element_type=\"column\">\n\t\t\t<div class=\"elementor-column-wrap elementor-element-populated\">\n\t\t\t\t\t\t\t<div class=\"elementor-widget-wrap\">\n\t\t\t\t\t\t<div class=\"elementor-element elementor-element-438af913 elementor-invisible elementor-widget elementor-widget-heading\" data-id=\"438af913\" data-element_type=\"widget\" data-settings=\"{&quot;_animation&quot;:&quot;fadeInUp&quot;}\" data-widget_type=\"heading.default\">\n\t\t\t\t<div class=\"elementor-widget-container\">\n\t\t\t<h1 class=\"elementor-heading-title elementor-size-default\">Biogas and Biomass Plants <\/h1>\t\t<\/div>\n\t\t\t\t<\/div>\n\t\t\t\t\t\t<\/div>\n\t\t\t\t\t<\/div>\n\t\t<\/div>\n\t\t\t\t\t\t\t\t<\/div>\n\t\t\t\t\t<\/div>\n\t\t<\/section>\n\t\t\t\t<section class=\"elementor-section elementor-top-section elementor-element elementor-element-71c0bb03 elementor-section-height-min-height elementor-section-content-middle elementor-section-boxed elementor-section-height-default elementor-section-items-middle\" data-id=\"71c0bb03\" data-element_type=\"section\">\n\t\t\t\t\t\t<div class=\"elementor-container elementor-column-gap-wide\">\n\t\t\t\t\t\t\t<div class=\"elementor-row\">\n\t\t\t\t\t<div class=\"elementor-column elementor-col-50 elementor-top-column elementor-element elementor-element-ed74eee\" data-id=\"ed74eee\" data-element_type=\"column\">\n\t\t\t<div class=\"elementor-column-wrap elementor-element-populated\">\n\t\t\t\t\t\t\t<div class=\"elementor-widget-wrap\">\n\t\t\t\t\t\t<div class=\"elementor-element elementor-element-2359b847 elementor-widget elementor-widget-text-editor\" data-id=\"2359b847\" data-element_type=\"widget\" data-widget_type=\"text-editor.default\">\n\t\t\t\t<div class=\"elementor-widget-container\">\n\t\t\t\t\t\t\t\t<div class=\"elementor-text-editor elementor-clearfix\">\n\t\t\t\t<p align=\"justify\">Biogas is a flammable gas obtained as a result of biomass processing. Unlike other flammable gases (for example natural gas), biogas is obtained only from animal or vegetable, ie organic raw materials: Biological wastes, organic wastes from the food industry, energy crops such as corn or sugar beet, and animal feces from animal husbandry can be used as the main input in biogas plants.<\/p>\t\t\t\t\t<\/div>\n\t\t\t\t\t\t<\/div>\n\t\t\t\t<\/div>\n\t\t\t\t<div class=\"elementor-element elementor-element-3a8649a elementor-widget elementor-widget-text-editor\" data-id=\"3a8649a\" data-element_type=\"widget\" data-widget_type=\"text-editor.default\">\n\t\t\t\t<div class=\"elementor-widget-container\">\n\t\t\t\t\t\t\t\t<div class=\"elementor-text-editor elementor-clearfix\">\n\t\t\t\t<p align=\"justify\">Gas formation is achieved in biogas plants by using bacteria and other micro organisms. As the final products of this multi-stage fermentation process, in particular methane (45-70%) and carbon dioxide (25-55%) are formed, , in a humid environment that is free from air (oxygen) and light.<\/p>\t\t\t\t\t<\/div>\n\t\t\t\t\t\t<\/div>\n\t\t\t\t<\/div>\n\t\t\t\t\t\t<\/div>\n\t\t\t\t\t<\/div>\n\t\t<\/div>\n\t\t\t\t<div class=\"elementor-column elementor-col-50 elementor-top-column elementor-element elementor-element-4022411\" data-id=\"4022411\" data-element_type=\"column\">\n\t\t\t<div class=\"elementor-column-wrap elementor-element-populated\">\n\t\t\t\t\t\t\t<div class=\"elementor-widget-wrap\">\n\t\t\t\t\t\t<div class=\"elementor-element elementor-element-7828ee60 elementor-widget elementor-widget-image\" data-id=\"7828ee60\" data-element_type=\"widget\" data-widget_type=\"image.default\">\n\t\t\t\t<div class=\"elementor-widget-container\">\n\t\t\t\t\t\t\t\t<div class=\"elementor-image\">\n\t\t\t\t\t\t\t\t\t\t\t\t<img decoding=\"async\" width=\"1024\" height=\"695\" src=\"https:\/\/www.bestepeenerji.com\/wp-content\/uploads\/2020\/07\/mill-wind-grind-1745188-1024x695.jpg\" class=\"attachment-large size-large wp-image-530\" alt=\"mill, wind, grind\" srcset=\"https:\/\/www.bestepeenerji.com\/wp-content\/uploads\/2020\/07\/mill-wind-grind-1745188-1024x695.jpg 1024w, https:\/\/www.bestepeenerji.com\/wp-content\/uploads\/2020\/07\/mill-wind-grind-1745188-300x204.jpg 300w, https:\/\/www.bestepeenerji.com\/wp-content\/uploads\/2020\/07\/mill-wind-grind-1745188-768x521.jpg 768w, https:\/\/www.bestepeenerji.com\/wp-content\/uploads\/2020\/07\/mill-wind-grind-1745188.jpg 1280w\" sizes=\"(max-width: 1024px) 100vw, 1024px\" \/>\t\t\t\t\t\t\t\t\t\t\t\t\t\t<\/div>\n\t\t\t\t\t\t<\/div>\n\t\t\t\t<\/div>\n\t\t\t\t\t\t<\/div>\n\t\t\t\t\t<\/div>\n\t\t<\/div>\n\t\t\t\t\t\t\t\t<\/div>\n\t\t\t\t\t<\/div>\n\t\t<\/section>\n\t\t\t\t<section class=\"elementor-section elementor-top-section elementor-element elementor-element-31e07455 elementor-section-height-min-height elementor-section-content-middle elementor-section-boxed elementor-section-height-default elementor-section-items-middle\" data-id=\"31e07455\" data-element_type=\"section\">\n\t\t\t\t\t\t<div class=\"elementor-container elementor-column-gap-wide\">\n\t\t\t\t\t\t\t<div class=\"elementor-row\">\n\t\t\t\t\t<div class=\"elementor-column elementor-col-100 elementor-top-column elementor-element elementor-element-1ae3456f\" data-id=\"1ae3456f\" data-element_type=\"column\">\n\t\t\t<div class=\"elementor-column-wrap elementor-element-populated\">\n\t\t\t\t\t\t\t<div class=\"elementor-widget-wrap\">\n\t\t\t\t\t\t<div class=\"elementor-element elementor-element-56e0a0bb elementor-widget elementor-widget-text-editor\" data-id=\"56e0a0bb\" data-element_type=\"widget\" data-widget_type=\"text-editor.default\">\n\t\t\t\t<div class=\"elementor-widget-container\">\n\t\t\t\t\t\t\t\t<div class=\"elementor-text-editor elementor-clearfix\">\n\t\t\t\t<p align=\"justify\">The usability of biogas as energy primarily depends on the methane ratio in the biogas. The biogas produced is generally transformed into electrical energy that can be used locally or given to the electricity grid in combined heat and power plants (cogeneration). It is also possible to use the generated heat during the combustion phase in heating buildings or greenhouses near the facility, drying straw, cooling milk or air conditioning of barns.<\/p><p align=\"justify\">It is possible to get more than one output with a single input in a biogas plant. For example, when animal waste is used as the main input in a biogas plant, energy, hot water and organic fertilizer are taken as output.<\/p><p align=\"justify\">Be\u015ftepe Energy successfully carries out all engineering, consultancy processes from the projecting process to the installation of the most efficient licensed or unlicensed biogas plants for investors requests.<\/p><p align=\"justify\">Be\u015ftepe Energy, planlanan biyogaz tesisi i\u00e7in haz\u0131rlanacak fizibilite raporu ve gaz verimlilik de\u011ferlerine g\u00f6re birden fazla sistem ve \u00fcr\u00fcn\u00fc kar\u015f\u0131la\u015ft\u0131rarak en verimli biyogaz tesisine sahip olman\u0131z\u0131 sa\u011flar.<\/p>\t\t\t\t\t<\/div>\n\t\t\t\t\t\t<\/div>\n\t\t\t\t<\/div>\n\t\t\t\t<div class=\"elementor-element elementor-element-f50a33b elementor-widget elementor-widget-heading\" data-id=\"f50a33b\" data-element_type=\"widget\" data-widget_type=\"heading.default\">\n\t\t\t\t<div class=\"elementor-widget-container\">\n\t\t\t<h4 class=\"elementor-heading-title elementor-size-default\">Advantages of using biogas;<\/h4>\t\t<\/div>\n\t\t\t\t<\/div>\n\t\t\t\t<div class=\"elementor-element elementor-element-e307525 elementor-widget elementor-widget-text-editor\" data-id=\"e307525\" data-element_type=\"widget\" data-widget_type=\"text-editor.default\">\n\t\t\t\t<div class=\"elementor-widget-container\">\n\t\t\t\t\t\t\t\t<div class=\"elementor-text-editor elementor-clearfix\">\n\t\t\t\t<ul><li><p align=\"justify\">It is environmentally friendly,<\/p><\/li><li><p align=\"justify\">It is a renewable energy source,<\/p><\/li><li><p align=\"justify\">Its final product is organic rich fertilizer,<\/p><\/li><li><p align=\"justify\">Provides probability to low-cost waste management,<\/p><\/li><li><p align=\"justify\">It allows the rural areas to develop,<\/p><\/li><li><p align=\"justify\">Reduces greenhouse gas emissions,<\/p><\/li><li><p align=\"justify\">It creates new employment areas with industrial development.<\/p><\/li><\/ul>\t\t\t\t\t<\/div>\n\t\t\t\t\t\t<\/div>\n\t\t\t\t<\/div>\n\t\t\t\t<div class=\"elementor-element elementor-element-4a4a7832 elementor-widget elementor-widget-heading\" data-id=\"4a4a7832\" data-element_type=\"widget\" data-widget_type=\"heading.default\">\n\t\t\t\t<div class=\"elementor-widget-container\">\n\t\t\t<h4 class=\"elementor-heading-title elementor-size-default\">Service Areas<\/h4>\t\t<\/div>\n\t\t\t\t<\/div>\n\t\t\t\t<div class=\"elementor-element elementor-element-2c1536d7 elementor-widget elementor-widget-text-editor\" data-id=\"2c1536d7\" data-element_type=\"widget\" data-widget_type=\"text-editor.default\">\n\t\t\t\t<div class=\"elementor-widget-container\">\n\t\t\t\t\t\t\t\t<div class=\"elementor-text-editor elementor-clearfix\">\n\t\t\t\t<ul><li><p align=\"justify\">Turnkey Power Plant Installation (Biogas \/ Landfill Gas \/ Energy Conversion Units)<\/p><\/li><li><p align=\"justify\">Consultancy services<\/p><\/li><li><p align=\"justify\">Project Development and Engineering Services<\/p><\/li><li><p align=\"justify\">Disassembly, Transport, Reinstallation and Commissioning<\/p><\/li><li>Second hand Engine Supply and Spare Parts, Biogas Plant Operation Maintenance Services, Gas Engines Service and Maintenance Services<\/li><\/ul>\t\t\t\t\t<\/div>\n\t\t\t\t\t\t<\/div>\n\t\t\t\t<\/div>\n\t\t\t\t\t\t<\/div>\n\t\t\t\t\t<\/div>\n\t\t<\/div>\n\t\t\t\t\t\t\t\t<\/div>\n\t\t\t\t\t<\/div>\n\t\t<\/section>\n\t\t\t\t<section class=\"elementor-section elementor-top-section elementor-element elementor-element-388d943d elementor-section-boxed elementor-section-height-default elementor-section-height-default\" data-id=\"388d943d\" data-element_type=\"section\" data-settings=\"{&quot;background_background&quot;:&quot;classic&quot;}\">\n\t\t\t\t\t\t<div class=\"elementor-container elementor-column-gap-default\">\n\t\t\t\t\t\t\t<div class=\"elementor-row\">\n\t\t\t\t\t<div class=\"elementor-column elementor-col-25 elementor-top-column elementor-element elementor-element-1b260c3b\" data-id=\"1b260c3b\" data-element_type=\"column\">\n\t\t\t<div class=\"elementor-column-wrap\">\n\t\t\t\t\t\t\t<div class=\"elementor-widget-wrap\">\n\t\t\t\t\t\t\t\t<\/div>\n\t\t\t\t\t<\/div>\n\t\t<\/div>\n\t\t\t\t<div class=\"elementor-column elementor-col-25 elementor-top-column elementor-element elementor-element-4f31ee83\" data-id=\"4f31ee83\" data-element_type=\"column\">\n\t\t\t<div class=\"elementor-column-wrap elementor-element-populated\">\n\t\t\t\t\t\t\t<div class=\"elementor-widget-wrap\">\n\t\t\t\t\t\t<div class=\"elementor-element elementor-element-3a1b4207 elementor-widget elementor-widget-heading\" data-id=\"3a1b4207\" data-element_type=\"widget\" data-widget_type=\"heading.default\">\n\t\t\t\t<div class=\"elementor-widget-container\">\n\t\t\t<h4 class=\"elementor-heading-title elementor-size-default\">Contact for detailed information and our special services.<\/h4>\t\t<\/div>\n\t\t\t\t<\/div>\n\t\t\t\t\t\t<\/div>\n\t\t\t\t\t<\/div>\n\t\t<\/div>\n\t\t\t\t<div class=\"elementor-column elementor-col-25 elementor-top-column elementor-element elementor-element-7622dc9a\" data-id=\"7622dc9a\" data-element_type=\"column\">\n\t\t\t<div class=\"elementor-column-wrap elementor-element-populated\">\n\t\t\t\t\t\t\t<div class=\"elementor-widget-wrap\">\n\t\t\t\t\t\t<div class=\"elementor-element elementor-element-26727941 elementor-align-center elementor-widget elementor-widget-button\" data-id=\"26727941\" data-element_type=\"widget\" data-widget_type=\"button.default\">\n\t\t\t\t<div class=\"elementor-widget-container\">\n\t\t\t\t\t<div class=\"elementor-button-wrapper\">\n\t\t\t<a href=\"https:\/\/www.bestepeenerji.com\/en\/iletisim\/\" class=\"elementor-button-link elementor-button elementor-size-sm\" role=\"button\">\n\t\t\t\t\t\t<span class=\"elementor-button-content-wrapper\">\n\t\t\t\t\t\t<span class=\"elementor-button-text\">Contact<\/span>\n\t\t<\/span>\n\t\t\t\t\t<\/a>\n\t\t<\/div>\n\t\t\t\t<\/div>\n\t\t\t\t<\/div>\n\t\t\t\t\t\t<\/div>\n\t\t\t\t\t<\/div>\n\t\t<\/div>\n\t\t\t\t<div class=\"elementor-column elementor-col-25 elementor-top-column elementor-element elementor-element-6e092f79\" data-id=\"6e092f79\" data-element_type=\"column\">\n\t\t\t<div class=\"elementor-column-wrap\">\n\t\t\t\t\t\t\t<div class=\"elementor-widget-wrap\">\n\t\t\t\t\t\t\t\t<\/div>\n\t\t\t\t\t<\/div>\n\t\t<\/div>\n\t\t\t\t\t\t\t\t<\/div>\n\t\t\t\t\t<\/div>\n\t\t<\/section>\n\t\t\t\t\t\t\t\t\t<\/div>\n\t\t\t<\/div>\n\t\t\t\t\t<\/div>","protected":false},"excerpt":{"rendered":"<p>Biyogaz &#038; Biok\u00fctle Santralleri Biyogaz, biok\u00fctlenin i\u015flenmesi sonucunda elde edilen yan\u0131c\u0131 bir gazd\u0131r. Biyogaz, yan\u0131c\u0131 di\u011fer gazlardan (\u00f6rne\u011fin do\u011falgaz) farkl\u0131 olarak sadece hayvansal veya bitkisel, yani organik hammaddelerden elde edilmektedir: Biyolojik at\u0131klar, g\u0131da sanayii kaynakl\u0131 organik at\u0131klar, m\u0131s\u0131r veya \u015feker pancar\u0131 gibi enerji bitkileri ile hayvan besicili\u011finde olu\u015fan hayvansal d\u0131\u015fk\u0131lar biyogaz tesislerinde ana girdi olarak &hellip;<\/p>\n<p class=\"read-more\"> <a class=\"\" href=\"https:\/\/www.bestepeenerji.com\/en\/hizmetlerimiz\/biyogaz-biokutle-santralleri\/\"> <span class=\"screen-reader-text\">Biogas &amp; Biomass Plants<\/span> Read More &raquo;<\/a><\/p>","protected":false},"author":1,"featured_media":0,"parent":444,"menu_order":0,"comment_status":"closed","ping_status":"closed","template":"","meta":{"site-sidebar-layout":"no-sidebar","site-content-layout":"page-builder","ast-main-header-display":"","ast-hfb-above-header-display":"","ast-hfb-below-header-display":"","ast-hfb-mobile-header-display":"","site-post-title":"disabled","ast-breadcrumbs-content":"","ast-featured-img":"disabled","footer-sml-layout":"","theme-transparent-header-meta":"enabled","adv-header-id-meta":"","stick-header-meta":"","header-above-stick-meta":"","header-main-stick-meta":"","header-below-stick-meta":"","footnotes":""},"class_list":["post-496","page","type-page","status-publish","hentry"],"_links":{"self":[{"href":"https:\/\/www.bestepeenerji.com\/en\/wp-json\/wp\/v2\/pages\/496","targetHints":{"allow":["GET"]}}],"collection":[{"href":"https:\/\/www.bestepeenerji.com\/en\/wp-json\/wp\/v2\/pages"}],"about":[{"href":"https:\/\/www.bestepeenerji.com\/en\/wp-json\/wp\/v2\/types\/page"}],"author":[{"embeddable":true,"href":"https:\/\/www.bestepeenerji.com\/en\/wp-json\/wp\/v2\/users\/1"}],"replies":[{"embeddable":true,"href":"https:\/\/www.bestepeenerji.com\/en\/wp-json\/wp\/v2\/comments?post=496"}],"version-history":[{"count":6,"href":"https:\/\/www.bestepeenerji.com\/en\/wp-json\/wp\/v2\/pages\/496\/revisions"}],"predecessor-version":[{"id":868,"href":"https:\/\/www.bestepeenerji.com\/en\/wp-json\/wp\/v2\/pages\/496\/revisions\/868"}],"up":[{"embeddable":true,"href":"https:\/\/www.bestepeenerji.com\/en\/wp-json\/wp\/v2\/pages\/444"}],"wp:attachment":[{"href":"https:\/\/www.bestepeenerji.com\/en\/wp-json\/wp\/v2\/media?parent=496"}],"curies":[{"name":"wp","href":"https:\/\/api.w.org\/{rel}","templated":true}]}}